{"id":105,"date":"2024-01-26T11:24:27","date_gmt":"2024-01-26T10:24:27","guid":{"rendered":"https:\/\/schmidt-schoeneiche.de\/pms\/?page_id=105"},"modified":"2025-04-29T17:09:08","modified_gmt":"2025-04-29T15:09:08","slug":"gallerie","status":"publish","type":"page","link":"https:\/\/schmidt-schoeneiche.de\/pms\/gallerie\/","title":{"rendered":"Gallerie"},"content":{"rendered":"\t\t<div data-elementor-type=\"wp-page\" data-elementor-id=\"105\" class=\"elementor elementor-105\" data-elementor-post-type=\"page\">\n\t\t\t\t<div class=\"elementor-element elementor-element-d6180db e-flex e-con-boxed e-con e-parent\" data-id=\"d6180db\" data-element_type=\"container\" data-e-type=\"container\">\n\t\t\t\t\t<div class=\"e-con-inner\">\n\t\t\t\t<div class=\"elementor-element elementor-element-1e15e0a elementor-widget elementor-widget-shortcode\" data-id=\"1e15e0a\" data-element_type=\"widget\" data-e-type=\"widget\" data-widget_type=\"shortcode.default\">\n\t\t\t\t<div class=\"elementor-widget-container\">\n\t\t\t\t\t\t\t<div class=\"elementor-shortcode\"><ol class=\"breadcrumb-tmc\"><li><a href=\"https:\/\/schmidt-schoeneiche.de\/pms\">Home<\/a><\/li><\/ol><\/div>\n\t\t\t\t\t\t<\/div>\n\t\t\t\t<\/div>\n\t\t\t\t\t<\/div>\n\t\t\t\t<\/div>\n\t\t<div class=\"elementor-element elementor-element-480a53f e-flex e-con-boxed e-con e-parent\" data-id=\"480a53f\" data-element_type=\"container\" data-e-type=\"container\">\n\t\t\t\t\t<div class=\"e-con-inner\">\n\t\t\t\t<div class=\"elementor-element elementor-element-3ecad05 elementor-widget elementor-widget-heading\" data-id=\"3ecad05\" data-element_type=\"widget\" data-e-type=\"widget\" data-widget_type=\"heading.default\">\n\t\t\t\t<div class=\"elementor-widget-container\">\n\t\t\t\t\t<h2 class=\"elementor-heading-title elementor-size-default\"><h1 style=\"color: #5e9ca0;text-align: center\"><em><span style=\"color: #000080\">\"Ich kann nicht zeichnen, also fotografiere ich meine Ideen,<br \/><\/span><span style=\"color: #000080\">obwohl das manchmal auch nicht klappt.\"<\/span><\/em><\/h1><\/h2>\t\t\t\t<\/div>\n\t\t\t\t<\/div>\n\t\t\t\t\t<\/div>\n\t\t\t\t<\/div>\n\t\t<div class=\"elementor-element elementor-element-e105fad e-con-full e-flex e-con e-parent\" data-id=\"e105fad\" data-element_type=\"container\" data-e-type=\"container\" data-settings=\"{&quot;background_background&quot;:&quot;classic&quot;}\">\n\t\t<div class=\"elementor-element elementor-element-7b37303 e-con-full e-flex e-con e-child\" data-id=\"7b37303\" data-element_type=\"container\" data-e-type=\"container\">\n\t\t\t\t<div class=\"elementor-element elementor-element-1253c69 elementor-flip-box--effect-fade elementor-widget__width-initial elementor-widget-mobile__width-inherit elementor-widget elementor-widget-flip-box\" data-id=\"1253c69\" data-element_type=\"widget\" data-e-type=\"widget\" data-widget_type=\"flip-box.default\">\n\t\t\t\t<div class=\"elementor-widget-container\">\n\t\t\t\t\t\t\t<div class=\"elementor-flip-box\" tabindex=\"0\">\n\t\t\t<div class=\"elementor-flip-box__layer elementor-flip-box__front\">\n\t\t\t\t<div class=\"elementor-flip-box__layer__overlay\">\n\t\t\t\t\t<div class=\"elementor-flip-box__layer__inner\">\n\t\t\t\t\t\t\t\t\t\t\t\t\t<div class=\"elementor-icon-wrapper elementor-view-default\">\n\t\t\t\t\t\t\t\t<div class=\"elementor-icon\">\n\t\t\t\t\t\t\t\t\t\t\t\t\t\t\t\t\t<\/div>\n\t\t\t\t\t\t\t<\/div>\n\t\t\t\t\t\t\n\t\t\t\t\t\t\n\t\t\t\t\t\t\t\t\t\t\t<\/div>\n\t\t\t\t<\/div>\n\t\t\t<\/div>\n\t\t\t<a class=\"elementor-flip-box__layer elementor-flip-box__back\" href=\"https:\/\/schmidt-schoeneiche.de\/pms\/analog\/\">\n\t\t\t<div class=\"elementor-flip-box__layer__overlay\">\n\t\t\t\t<div class=\"elementor-flip-box__layer__inner\">\n\t\t\t\t\t\t\t\t\t\t\t<h3 class=\"elementor-flip-box__layer__title\">\n\t\t\t\t\t\t\tAnalog\t\t\t\t\t\t<\/h3>\n\t\t\t\t\t\n\t\t\t\t\t\t\t\t\t\t\t<div class=\"elementor-flip-box__layer__description\">\n\t\t\t\t\t\t\tMeine Galerie zeigt ausschlie\u00dflich Bilder, die mit analogen Kameras erstellt wurden. Die Entscheidung f\u00fcr analoge Fotografie ergibt sich aus der Liebe zur handwerklichen Kunst und der Faszination f\u00fcr die Unvorhersehbarkeit, die jeder analogen Aufnahme innewohnt. Jedes Foto ist einzigartig und nicht einfach reproduzierbar. In einer Welt, in der digitale Fotografie allgegenw\u00e4rtig ist, bietet meine Galerie einen Gegenpol und pr\u00e4sentiert eine Auswahl an Bildern, die sich durch ihren Charakter und ihre Individualit\u00e4t auszeichnen. Ich m\u00f6chte dem Betrachter die M\u00f6glichkeit geben, sich auf eine anachronistische Reise zu begeben und sich von der Sch\u00f6nheit und Einzigartigkeit analoger Fotografie verzaubern zu lassen.\t\t\t\t\t\t<\/div>\n\t\t\t\t\t\n\t\t\t\t\t\t\t\t<\/div>\n\t\t<\/div>\n\t\t<\/a>\n\t\t<\/div>\n\t\t\t\t\t\t<\/div>\n\t\t\t\t<\/div>\n\t\t\t\t<div class=\"elementor-element elementor-element-7d2b102 elementor-flip-box--effect-fade elementor-widget__width-initial elementor-widget-mobile__width-inherit elementor-widget elementor-widget-flip-box\" data-id=\"7d2b102\" data-element_type=\"widget\" data-e-type=\"widget\" data-widget_type=\"flip-box.default\">\n\t\t\t\t<div class=\"elementor-widget-container\">\n\t\t\t\t\t\t\t<div class=\"elementor-flip-box\" tabindex=\"0\">\n\t\t\t<div class=\"elementor-flip-box__layer elementor-flip-box__front\">\n\t\t\t\t<div class=\"elementor-flip-box__layer__overlay\">\n\t\t\t\t\t<div class=\"elementor-flip-box__layer__inner\">\n\t\t\t\t\t\t\t\t\t\t\t\t\t<div class=\"elementor-icon-wrapper elementor-view-default\">\n\t\t\t\t\t\t\t\t<div class=\"elementor-icon\">\n\t\t\t\t\t\t\t\t\t\t\t\t\t\t\t\t\t<\/div>\n\t\t\t\t\t\t\t<\/div>\n\t\t\t\t\t\t\n\t\t\t\t\t\t\n\t\t\t\t\t\t\t\t\t\t\t<\/div>\n\t\t\t\t<\/div>\n\t\t\t<\/div>\n\t\t\t<a class=\"elementor-flip-box__layer elementor-flip-box__back\" href=\"https:\/\/schmidt-schoeneiche.de\/pms\/digital\/\">\n\t\t\t<div class=\"elementor-flip-box__layer__overlay\">\n\t\t\t\t<div class=\"elementor-flip-box__layer__inner\">\n\t\t\t\t\t\t\t\t\t\t\t<h3 class=\"elementor-flip-box__layer__title\">\n\t\t\t\t\t\t\tDigital\t\t\t\t\t\t<\/h3>\n\t\t\t\t\t\n\t\t\t\t\t\t\t\t\t\t\t<div class=\"elementor-flip-box__layer__description\">\n\t\t\t\t\t\t\tMeine Galerie zeigt eine Vielzahl von Bildern, deren Entstehung digital erfolgte, entweder durch den Einsatz einer Kamera oder durch digitale Techniken. Diese Bilder sind das Ergebnis modernster Technologie und beeindrucken durch ihre Farbechtheit und Sch\u00e4rfe. Dank digitaler Bearbeitung sind sie von h\u00f6chster Qualit\u00e4t und eignen sich perfekt als Dekoration f\u00fcr dein Zuhause oder B\u00fcro. Von Landschaften \u00fcber Portr\u00e4ts bis zu abstrakten Kunstwerken bietet meine Galerie eine breite Palette von digitalen Bildern, die jeden Geschmack ansprechen. Lass dich von der Faszination digitaler Fotografie und Bildbearbeitung mitrei\u00dfen und finde das perfekte Bild f\u00fcr dich!\t\t\t\t\t\t<\/div>\n\t\t\t\t\t\n\t\t\t\t\t\t\t\t<\/div>\n\t\t<\/div>\n\t\t<\/a>\n\t\t<\/div>\n\t\t\t\t\t\t<\/div>\n\t\t\t\t<\/div>\n\t\t\t\t<div class=\"elementor-element elementor-element-32bb0eb elementor-flip-box--effect-fade elementor-widget__width-initial elementor-widget-mobile__width-inherit elementor-widget elementor-widget-flip-box\" data-id=\"32bb0eb\" data-element_type=\"widget\" data-e-type=\"widget\" data-widget_type=\"flip-box.default\">\n\t\t\t\t<div class=\"elementor-widget-container\">\n\t\t\t\t\t\t\t<div class=\"elementor-flip-box\" tabindex=\"0\">\n\t\t\t<div class=\"elementor-flip-box__layer elementor-flip-box__front\">\n\t\t\t\t<div class=\"elementor-flip-box__layer__overlay\">\n\t\t\t\t\t<div class=\"elementor-flip-box__layer__inner\">\n\t\t\t\t\t\t\t\t\t\t\t\t\t<div class=\"elementor-icon-wrapper elementor-view-default\">\n\t\t\t\t\t\t\t\t<div class=\"elementor-icon\">\n\t\t\t\t\t\t\t\t\t\t\t\t\t\t\t\t\t<\/div>\n\t\t\t\t\t\t\t<\/div>\n\t\t\t\t\t\t\n\t\t\t\t\t\t\n\t\t\t\t\t\t\t\t\t\t\t<\/div>\n\t\t\t\t<\/div>\n\t\t\t<\/div>\n\t\t\t<a class=\"elementor-flip-box__layer elementor-flip-box__back\" href=\"https:\/\/schmidt-schoeneiche.de\/pms\/alles-schwarz-weiss\/\">\n\t\t\t<div class=\"elementor-flip-box__layer__overlay\">\n\t\t\t\t<div class=\"elementor-flip-box__layer__inner\">\n\t\t\t\t\t\t\t\t\t\t\t<h3 class=\"elementor-flip-box__layer__title\">\n\t\t\t\t\t\t\tschwarz \/ wei\u00df\t\t\t\t\t\t<\/h3>\n\t\t\t\t\t\n\t\t\t\t\t\t\t\t\t\t\t<div class=\"elementor-flip-box__layer__description\">\n\t\t\t\t\t\t\tAnaloge schwarz-wei\u00df Fotografie hat ihren eigenen Charme und eine besondere Wirkung auf den Betrachter. Bilder, die ausschlie\u00dflich auf diese Weise aufgenommen wurden, strahlen eine zeitlose \u00c4sthetik aus und erzeugen eine unvergleichliche Atmosph\u00e4re. Die Reduzierung auf Schwarz-Wei\u00df bringt die Kontraste und Lichter besonders zur Geltung und fordert den Betrachter auf, die Details bewusst wahrzunehmen. Eine analoge Kamera erweckt die Bilder zum Leben und f\u00e4ngt das Motiv auf eine authentische Art und Weise ein. Durch Fotografieren auf monochrom entsteht eine eigene Aussagekraft und l\u00e4sst den Betrachter in eine andere Welt eintauchen. \t\t\t\t\t\t<\/div>\n\t\t\t\t\t\n\t\t\t\t\t\t\t\t<\/div>\n\t\t<\/div>\n\t\t<\/a>\n\t\t<\/div>\n\t\t\t\t\t\t<\/div>\n\t\t\t\t<\/div>\n\t\t\t\t<div class=\"elementor-element elementor-element-3580f0f elementor-flip-box--effect-fade elementor-widget__width-initial elementor-widget-mobile__width-inherit elementor-widget elementor-widget-flip-box\" data-id=\"3580f0f\" data-element_type=\"widget\" data-e-type=\"widget\" data-widget_type=\"flip-box.default\">\n\t\t\t\t<div class=\"elementor-widget-container\">\n\t\t\t\t\t\t\t<div class=\"elementor-flip-box\" tabindex=\"0\">\n\t\t\t<div class=\"elementor-flip-box__layer elementor-flip-box__front\">\n\t\t\t\t<div class=\"elementor-flip-box__layer__overlay\">\n\t\t\t\t\t<div class=\"elementor-flip-box__layer__inner\">\n\t\t\t\t\t\t\t\t\t\t\t\t\t<div class=\"elementor-icon-wrapper elementor-view-default\">\n\t\t\t\t\t\t\t\t<div class=\"elementor-icon\">\n\t\t\t\t\t\t\t\t\t\t\t\t\t\t\t\t\t<\/div>\n\t\t\t\t\t\t\t<\/div>\n\t\t\t\t\t\t\n\t\t\t\t\t\t\n\t\t\t\t\t\t\t\t\t\t\t<\/div>\n\t\t\t\t<\/div>\n\t\t\t<\/div>\n\t\t\t<a class=\"elementor-flip-box__layer elementor-flip-box__back\" href=\"https:\/\/schmidt-schoeneiche.de\/pms\/reisen\/\">\n\t\t\t<div class=\"elementor-flip-box__layer__overlay\">\n\t\t\t\t<div class=\"elementor-flip-box__layer__inner\">\n\t\t\t\t\t\t\t\t\t\t\t<h3 class=\"elementor-flip-box__layer__title\">\n\t\t\t\t\t\t\tReisen\t\t\t\t\t\t<\/h3>\n\t\t\t\t\t\n\t\t\t\t\t\t\t\t\t\t\t<div class=\"elementor-flip-box__layer__description\">\n\t\t\t\t\t\t\tErlebe die Welt durch meine Fotos! Inspiriere dich f\u00fcr deine n\u00e4chste Reise mit meiner einzigartigen Auswahl an Bildern von wundersch\u00f6nen Orten. Von atemberaubenden Landschaften bis hin zu pulsierenden St\u00e4dten - ich habe f\u00fcr jeden Geschmack das passende Bild. Dekoriere dein Zuhause oder Arbeitsplatz mit meinen hochwertigen Aufnahmen und hole dir das Reisegef\u00fchl. Bestelle jetzt Dein Lieblingsbild und tauche ein in neue Kulturen und Abenteuer!\t\t\t\t\t\t<\/div>\n\t\t\t\t\t\n\t\t\t\t\t\t\t\t<\/div>\n\t\t<\/div>\n\t\t<\/a>\n\t\t<\/div>\n\t\t\t\t\t\t<\/div>\n\t\t\t\t<\/div>\n\t\t\t\t<div class=\"elementor-element elementor-element-0562b20 elementor-flip-box--effect-fade elementor-widget__width-initial elementor-widget-mobile__width-inherit elementor-widget elementor-widget-flip-box\" data-id=\"0562b20\" data-element_type=\"widget\" data-e-type=\"widget\" data-widget_type=\"flip-box.default\">\n\t\t\t\t<div class=\"elementor-widget-container\">\n\t\t\t\t\t\t\t<div class=\"elementor-flip-box\" tabindex=\"0\">\n\t\t\t<div class=\"elementor-flip-box__layer elementor-flip-box__front\">\n\t\t\t\t<div class=\"elementor-flip-box__layer__overlay\">\n\t\t\t\t\t<div class=\"elementor-flip-box__layer__inner\">\n\t\t\t\t\t\t\t\t\t\t\t\t\t<div class=\"elementor-icon-wrapper elementor-view-default\">\n\t\t\t\t\t\t\t\t<div class=\"elementor-icon\">\n\t\t\t\t\t\t\t\t\t\t\t\t\t\t\t\t\t<\/div>\n\t\t\t\t\t\t\t<\/div>\n\t\t\t\t\t\t\n\t\t\t\t\t\t\n\t\t\t\t\t\t\t\t\t\t\t<\/div>\n\t\t\t\t<\/div>\n\t\t\t<\/div>\n\t\t\t<a class=\"elementor-flip-box__layer elementor-flip-box__back\" href=\"https:\/\/schmidt-schoeneiche.de\/pms\/menschen\/\">\n\t\t\t<div class=\"elementor-flip-box__layer__overlay\">\n\t\t\t\t<div class=\"elementor-flip-box__layer__inner\">\n\t\t\t\t\t\t\t\t\t\t\t<h3 class=\"elementor-flip-box__layer__title\">\n\t\t\t\t\t\t\tMenschen\t\t\t\t\t\t<\/h3>\n\t\t\t\t\t\n\t\t\t\t\t\t\t\t\t\t\t<div class=\"elementor-flip-box__layer__description\">\n\t\t\t\t\t\t\tDie Fotografien von Menschen erfassen authentische Augenblicke, Emotionen und Pers\u00f6nlichkeiten. Ob es sich um ein Portr\u00e4t, einen Schnappschuss oder ein Gruppenfoto handelt - mit jedem Bild wird eine einzigartige Geschichte erz\u00e4hlt. Ich nutze dabei mein Talent und meine Kreativit\u00e4t, um das Beste aus jedem Motiv herauszuarbeiten. Ich bin \u00fcberzeugt davon, dass jeder Mensch eine Geschichte zu erz\u00e4hlen hat ich versuche diese einzufangen und f\u00fcr immer festhalten. \t\t\t\t\t\t<\/div>\n\t\t\t\t\t\n\t\t\t\t\t\t\t\t<\/div>\n\t\t<\/div>\n\t\t<\/a>\n\t\t<\/div>\n\t\t\t\t\t\t<\/div>\n\t\t\t\t<\/div>\n\t\t\t\t<div class=\"elementor-element elementor-element-7006ea8 elementor-flip-box--effect-fade elementor-widget__width-initial elementor-widget-mobile__width-inherit elementor-widget elementor-widget-flip-box\" data-id=\"7006ea8\" data-element_type=\"widget\" data-e-type=\"widget\" data-widget_type=\"flip-box.default\">\n\t\t\t\t<div class=\"elementor-widget-container\">\n\t\t\t\t\t\t\t<div class=\"elementor-flip-box\" tabindex=\"0\">\n\t\t\t<div class=\"elementor-flip-box__layer elementor-flip-box__front\">\n\t\t\t\t<div class=\"elementor-flip-box__layer__overlay\">\n\t\t\t\t\t<div class=\"elementor-flip-box__layer__inner\">\n\t\t\t\t\t\t\t\t\t\t\t\t\t<div class=\"elementor-icon-wrapper elementor-view-default\">\n\t\t\t\t\t\t\t\t<div class=\"elementor-icon\">\n\t\t\t\t\t\t\t\t\t\t\t\t\t\t\t\t\t<\/div>\n\t\t\t\t\t\t\t<\/div>\n\t\t\t\t\t\t\n\t\t\t\t\t\t\n\t\t\t\t\t\t\t\t\t\t\t<\/div>\n\t\t\t\t<\/div>\n\t\t\t<\/div>\n\t\t\t<a class=\"elementor-flip-box__layer elementor-flip-box__back\" href=\"https:\/\/schmidt-schoeneiche.de\/pms\/landschaften\/\">\n\t\t\t<div class=\"elementor-flip-box__layer__overlay\">\n\t\t\t\t<div class=\"elementor-flip-box__layer__inner\">\n\t\t\t\t\t\t\t\t\t\t\t<h3 class=\"elementor-flip-box__layer__title\">\n\t\t\t\t\t\t\tLandschaften\t\t\t\t\t\t<\/h3>\n\t\t\t\t\t\n\t\t\t\t\t\t\t\t\t\t\t<div class=\"elementor-flip-box__layer__description\">\n\t\t\t\t\t\t\tLandschaften sind wundersch\u00f6ne Orte, an denen die Natur vorherrscht. Sie umfassen alles von Bergen und H\u00fcgeln bis hin zu Fl\u00fcssen und Seen. Die Sch\u00f6nheit dieser Landschaften kann atemberaubend sein. Egal, ob man lieber in der N\u00e4he von Wasser oder in den Bergen ist, Landschaften bieten f\u00fcr jeden etwas. Sie sind auch reich an Geschichte und Kultur, und viele bieten M\u00f6glichkeiten, lokale K\u00fcche und Traditionen kennenzulernen. \t\t\t\t\t\t<\/div>\n\t\t\t\t\t\n\t\t\t\t\t\t\t\t<\/div>\n\t\t<\/div>\n\t\t<\/a>\n\t\t<\/div>\n\t\t\t\t\t\t<\/div>\n\t\t\t\t<\/div>\n\t\t\t\t<\/div>\n\t\t\t\t<\/div>\n\t\t\t\t<\/div>\n\t\t","protected":false},"excerpt":{"rendered":"<p>&#8222;Ich kann nicht zeichnen, also fotografiere ich meine Ideen,obwohl das manchmal auch nicht klappt.&#8220; Analog Meine Galerie zeigt ausschlie\u00dflich Bilder, die mit analogen Kameras erstellt wurden. Die Entscheidung f\u00fcr analoge Fotografie ergibt sich aus der Liebe zur handwerklichen Kunst und der Faszination&hellip;<\/p>\n","protected":false},"author":1,"featured_media":410,"parent":0,"menu_order":8,"comment_status":"closed","ping_status":"closed","template":"","meta":{"footnotes":""},"class_list":["post-105","page","type-page","status-publish","has-post-thumbnail","hentry"],"_links":{"self":[{"href":"https:\/\/schmidt-schoeneiche.de\/pms\/wp-json\/wp\/v2\/pages\/105","targetHints":{"allow":["GET"]}}],"collection":[{"href":"https:\/\/schmidt-schoeneiche.de\/pms\/wp-json\/wp\/v2\/pages"}],"about":[{"href":"https:\/\/schmidt-schoeneiche.de\/pms\/wp-json\/wp\/v2\/types\/page"}],"author":[{"embeddable":true,"href":"https:\/\/schmidt-schoeneiche.de\/pms\/wp-json\/wp\/v2\/users\/1"}],"replies":[{"embeddable":true,"href":"https:\/\/schmidt-schoeneiche.de\/pms\/wp-json\/wp\/v2\/comments?post=105"}],"version-history":[{"count":97,"href":"https:\/\/schmidt-schoeneiche.de\/pms\/wp-json\/wp\/v2\/pages\/105\/revisions"}],"predecessor-version":[{"id":678,"href":"https:\/\/schmidt-schoeneiche.de\/pms\/wp-json\/wp\/v2\/pages\/105\/revisions\/678"}],"wp:featuredmedia":[{"embeddable":true,"href":"https:\/\/schmidt-schoeneiche.de\/pms\/wp-json\/wp\/v2\/media\/410"}],"wp:attachment":[{"href":"https:\/\/schmidt-schoeneiche.de\/pms\/wp-json\/wp\/v2\/media?parent=105"}],"curies":[{"name":"wp","href":"https:\/\/api.w.org\/{rel}","templated":true}]}}